{"id":17,"date":"2022-07-05T13:48:28","date_gmt":"2022-07-05T16:48:28","guid":{"rendered":"https:\/\/www.girasol.com.br\/?page_id=17"},"modified":"2022-07-14T18:01:34","modified_gmt":"2022-07-14T21:01:34","slug":"bem-vindo-a-gira-sol","status":"publish","type":"page","link":"https:\/\/www.girasol.com.br\/","title":{"rendered":"Bem-vindo \u00e0 Gira Sol!"},"content":{"rendered":"\n<p>Seja bem-vindo ao site da Gira Sol Componentes! Aqui voc\u00ea encontrar\u00e1 uma variedade de materiais para confec\u00e7\u00e3o de cal\u00e7ados, bolsas, cintos e acess\u00f3rios. Siga as nossas redes sociais para acompanhar as novidades.<\/p>\n\n\n\n<div style=\"height:100px\" aria-hidden=\"true\" class=\"wp-block-spacer\"><\/div>\n\n\n\n<div class=\"wp-block-buttons is-content-justification-center is-layout-flex wp-container-core-buttons-is-layout-16018d1d wp-block-buttons-is-layout-flex\">\n<div class=\"wp-block-button is-style-fill\"><a class=\"wp-block-button__link\">conhe\u00e7a nossos produtos<\/a><\/div>\n<\/div>\n\n\n\n<div style=\"height:100px\" aria-hidden=\"true\" class=\"wp-block-spacer\"><\/div>\n\n\n\n<p><\/p>\n","protected":false},"excerpt":{"rendered":"<p>Seja bem-vindo ao site da Gira Sol Componentes! Aqui voc\u00ea encontrar\u00e1 uma variedade de materiais para confec\u00e7\u00e3o de cal\u00e7ados, bolsas, cintos e acess\u00f3rios. Siga as nossas redes sociais para acompanhar as novidades.<\/p>\n","protected":false},"author":1,"featured_media":0,"parent":0,"menu_order":0,"comment_status":"closed","ping_status":"closed","template":"","meta":{"_ti_tpc_template_sync":false,"_ti_tpc_template_id":"","footnotes":""},"class_list":["post-17","page","type-page","status-publish","hentry"],"jetpack-related-posts":[],"featured_media_urls":[],"_links":{"self":[{"href":"https:\/\/www.girasol.com.br\/index.php\/wp-json\/wp\/v2\/pages\/17","targetHints":{"allow":["GET"]}}],"collection":[{"href":"https:\/\/www.girasol.com.br\/index.php\/wp-json\/wp\/v2\/pages"}],"about":[{"href":"https:\/\/www.girasol.com.br\/index.php\/wp-json\/wp\/v2\/types\/page"}],"author":[{"embeddable":true,"href":"https:\/\/www.girasol.com.br\/index.php\/wp-json\/wp\/v2\/users\/1"}],"replies":[{"embeddable":true,"href":"https:\/\/www.girasol.com.br\/index.php\/wp-json\/wp\/v2\/comments?post=17"}],"version-history":[{"count":3,"href":"https:\/\/www.girasol.com.br\/index.php\/wp-json\/wp\/v2\/pages\/17\/revisions"}],"predecessor-version":[{"id":53,"href":"https:\/\/www.girasol.com.br\/index.php\/wp-json\/wp\/v2\/pages\/17\/revisions\/53"}],"wp:attachment":[{"href":"https:\/\/www.girasol.com.br\/index.php\/wp-json\/wp\/v2\/media?parent=17"}],"curies":[{"name":"wp","href":"https:\/\/api.w.org\/{rel}","templated":true}]}}